{"id":497,"date":"2024-04-23T10:38:54","date_gmt":"2024-04-23T08:38:54","guid":{"rendered":"http:\/\/192.168.1.121\/txepetxa\/?page_id=497"},"modified":"2024-06-10T10:09:55","modified_gmt":"2024-06-10T08:09:55","slug":"aviso-legal","status":"publish","type":"page","link":"https:\/\/www.txepetxa.com\/particulares\/aviso-legal\/","title":{"rendered":"Aviso Legal"},"content":{"rendered":"\t\t<div data-elementor-type=\"wp-page\" data-elementor-id=\"497\" class=\"elementor elementor-497\" data-elementor-post-type=\"page\">\n\t\t\t\t<div class=\"elementor-element elementor-element-7c98964c e-flex e-con-boxed e-con e-parent\" data-id=\"7c98964c\" data-element_type=\"container\" data-settings=\"{&quot;background_background&quot;:&quot;classic&quot;}\">\n\t\t\t\t\t<div class=\"e-con-inner\">\n\t\t<div class=\"elementor-element elementor-element-517b0fac e-con-full e-flex e-con e-child\" data-id=\"517b0fac\" data-element_type=\"container\">\n\t\t\t\t<div class=\"elementor-element elementor-element-5dc2450a elementor-widget__width-initial elementor-widget elementor-widget-heading\" data-id=\"5dc2450a\" data-element_type=\"widget\" data-widget_type=\"heading.default\">\n\t\t\t\t<div class=\"elementor-widget-container\">\n\t\t\t\t\t<h2 class=\"elementor-heading-title elementor-size-default\">Aviso legal<\/h2>\t\t\t\t<\/div>\n\t\t\t\t<\/div>\n\t\t\t\t<\/div>\n\t\t\t\t\t<\/div>\n\t\t\t\t<\/div>\n\t\t<div class=\"elementor-element elementor-element-405eba7 e-flex e-con-boxed e-con e-parent\" data-id=\"405eba7\" data-element_type=\"container\">\n\t\t\t\t\t<div class=\"e-con-inner\">\n\t\t<div class=\"elementor-element elementor-element-067125c e-con-full e-flex e-con e-child\" data-id=\"067125c\" data-element_type=\"container\">\n\t\t<div class=\"elementor-element elementor-element-f3e00b6 e-con-full e-flex e-con e-child\" data-id=\"f3e00b6\" data-element_type=\"container\">\n\t\t\t\t<div class=\"elementor-element elementor-element-de693c5 elementor-widget__width-initial elementor-widget-divider--separator-type-pattern elementor-widget-divider--view-line elementor-widget elementor-widget-divider\" data-id=\"de693c5\" data-element_type=\"widget\" data-widget_type=\"divider.default\">\n\t\t\t\t<div class=\"elementor-widget-container\">\n\t\t\t\t\t\t\t<div class=\"elementor-divider\" style=\"--divider-pattern-url: url(&quot;data:image\/svg+xml,%3Csvg xmlns=&#039;http:\/\/www.w3.org\/2000\/svg&#039; preserveAspectRatio=&#039;none&#039; overflow=&#039;visible&#039; height=&#039;100%&#039; viewBox=&#039;0 0 24 24&#039; fill=&#039;black&#039; stroke=&#039;none&#039;%3E%3Cpolygon points=&#039;9.4,2 24,2 14.6,21.6 0,21.6&#039;\/%3E%3C\/svg%3E&quot;);\">\n\t\t\t<span class=\"elementor-divider-separator\">\n\t\t\t\t\t\t<\/span>\n\t\t<\/div>\n\t\t\t\t\t\t<\/div>\n\t\t\t\t<\/div>\n\t\t\t\t<\/div>\n\t\t\t\t<div class=\"elementor-element elementor-element-30037e5 elementor-widget elementor-widget-text-editor\" data-id=\"30037e5\" data-element_type=\"widget\" data-widget_type=\"text-editor.default\">\n\t\t\t\t<div class=\"elementor-widget-container\">\n\t\t\t\t\t\t\t\t\t<p><strong>RESPONSABLE:<\/strong> TALLERES TXEPETXA S.L.<br \/><strong>CIF: <\/strong>B75232645<br \/><strong>DIRECCI\u00d3N:<\/strong> AVDA. LETXUMBORRO 92, 20305 IR\u00daN, GIPUZKOA<br \/><strong>TELEFONO: <\/strong>943631399<br \/><strong>EMAIL:<\/strong> info@txepetxa.com<\/p><h3>OBJETO<\/h3><p><strong>TALLERES TXEPETXA S.L. <\/strong>responsable del sitio web, pone a disposici\u00f3n de los usuarios el presente documento con el que pretende dar cumplimiento a las obligaciones dispuestas en la Ley 34\/2002, de Servicios de la Sociedad de la Informaci\u00f3n y del Comercio Electr\u00f3nico (LSSI-CE), as\u00ed como informar a todos los usuarios respecto a cu\u00e1les son las condiciones de uso del mismo.<\/p><p>Toda persona que acceda al sitio Web asume el papel de usuario, comprometi\u00e9ndose a la observancia y cumplimiento riguroso de las disposiciones aqu\u00ed dispuestas, as\u00ed como a cualesquiera otras disposiciones legales que fuera de aplicaci\u00f3n.<\/p><p><strong>TALLERES TXEPETXA S.L. <\/strong>se reserva el derecho a modificar cualquier tipo de informaci\u00f3n que pudiera aparecer en su p\u00e1gina web sin que exista obligaci\u00f3n de preavisar o poner en conocimiento de los usuarios dichas obligaciones, entendi\u00e9ndose como suficiente con la publicaci\u00f3n.<\/p><h3>RESPONSABILIDAD<\/h3><p><strong>TALLERES TXEPETXA S.L. <\/strong>se exime de cualquier tipo de responsabilidad derivada de la informaci\u00f3n publicada en su sitio Web siempre que esta informaci\u00f3n haya sido manipulada o introducida por un tercero ajeno al mismo.<\/p><p><strong>TALLERES TXEPETXA S.L. <\/strong><em>poner a continuaci\u00f3n una de estas dos opciones en caso de utilizar o no cookies:<\/em><\/p><p>Puede utilizar cookies, para llevar a cabo determinadas funciones que son consideradas imprescindibles para el correcto funcionamiento y visualizaci\u00f3n del sitio. Ver pol\u00edtica de cookies<\/p><h3>PROPIEDAD INTELECTUAL<\/h3><p><strong>TALLERES TXEPETXA S.L. <\/strong>es propietaria de toda la informaci\u00f3n contenida en este portal.<br \/>En virtud de lo dispuesto en la Ley de Propiedad Intelectual, quedan expresamente prohibidas la reproducci\u00f3n, la distribuci\u00f3n y la comunicaci\u00f3n p\u00fablica, incluida su modalidad de puesta a disposici\u00f3n, de la totalidad o parte de los contenidos de esta p\u00e1gina Web, con fines comerciales, en cualquier soporte y por cualquier medio t\u00e9cnico, sin la autorizaci\u00f3n de <strong>TALLERES TXEPETXA S.L.<\/strong><\/p><p>El Usuario se compromete a respetar los derechos de Propiedad Intelectual e Industrial titularidad <strong>TALLERES TXEPETXA S.L.<\/strong><\/p><p>Asimismo, el Usuario deber\u00e1 abstenerse de suprimir, alterar, eludir o manipular cualquier dispositivo de protecci\u00f3n o sistema de seguridad que estuviera instalado en el portal de <strong>TALLERES TXEPETXA S.L.<\/strong><\/p><h3>EXCLUSI\u00d3N DE GARANT\u00cdAS Y DE RESPONSABILIDAD<\/h3><p><strong>TALLERES TXEPETXA S.L. <\/strong>no garantiza la disponibilidad y continuidad del funcionamiento del Portal y de los Servicios. Cuando ello sea razonablemente posible, advertir\u00e1 previamente acerca de las interrupciones en el funcionamiento del Portal y de los Servicios.<\/p><p><strong>TALLERES TXEPETXA S.L. <\/strong>excluye cualquier responsabilidad por los da\u00f1os y perjuicios de toda naturaleza que puedan deberse a la presencia de virus o a la presencia de otros elementos en los contenidos que puedan producir alteraciones en el sistema inform\u00e1tico del Usuario, pese a haber adoptado previamente las medidas t\u00e9cnicas necesarias para evitarlo.<\/p><p><strong>TALLERES TXEPETXA S.L. <\/strong>se reserva el derecho de efectuar, sin previo aviso, las modificaciones que considere oportunas en su portal, pudiendo modificar, suprimir o a\u00f1adir tanto los contenidos y servicios que se presten a trav\u00e9s de la misma como la forma en la que \u00e9stos aparezcan presentados o localizados en su Portal.<\/p><h3>PROTECCI\u00d3N DE DATOS PERSONALES<\/h3><p><strong>TALLERES TXEPETXA S.L. <\/strong>se encuentra profundamente comprometido con el cumplimiento de la normativa de protecci\u00f3n de datos de car\u00e1cter personal, y garantiza el cumplimiento \u00edntegro de las obligaciones dispuestas a tenor de la Ley Org\u00e1nica 3\/2018, de 5 de diciembre, de Protecci\u00f3n de Datos Personales y garant\u00eda de los derechos digitales.<\/p><p><strong>TALLERES TXEPETXA S.L. <\/strong>le informa que da cumplimiento a la Ley 34\/2002 de 11 de Julio, de servicios de la Sociedad de la Informaci\u00f3n y del Comercio Electr\u00f3nico.<\/p><p>Los datos facilitados por los interesados al contactar por mail o cumplimentar un formulario de contacto, ser\u00e1n objeto de tratamiento por parte de <strong>TALLERES TXEPETXA S.L. <\/strong>Los datos personales, ser\u00e1n utilizados para contestar a la solicitud de la informaci\u00f3n planteada, siendo la base jur\u00eddica el consentimiento del interesado al remitirnos un correo electr\u00f3nico o aceptar nuestra pol\u00edtica de privacidad. La aceptaci\u00f3n de nuestra pol\u00edtica de privacidad implica su consentimiento expreso al tratamiento de sus datos para las finalidades descritas.<\/p><p><a href=\"https:\/\/www.txepetxa.com\/particulares\/politica-privacidad\"><button spellcheck=\"false\" data-lt-tmp-id=\"lt-442522\" data-gramm=\"false\"> Ver pol\u00edtica de privacidad solicitantes de informaci\u00f3n<\/button><\/a><\/p><p>En cualquier momento se podr\u00e1n ejercer los derechos de acceso, rectificaci\u00f3n, oposici\u00f3n, portabilidad o limitaci\u00f3n al tratamiento. Para poder tramitar la solicitud de ejercicio de derechos, ser\u00e1 necesario comprobar la identidad del usuario, por lo que dicha comunicaci\u00f3n deber\u00e1 incluir nombre y apellidos, petici\u00f3n en que se concreta la solicitud, direcci\u00f3n a efectos de notificaciones, fecha, firma y fotocopia del DNI u otro documento v\u00e1lido identificativo. Se podr\u00e1 enviar el escrito por correo ordinario a la direcci\u00f3n <strong>San Marcos 32, 20110 Pasajes Ancho &#8211; Gipuzkoa<\/strong> o por correo electr\u00f3nico a <strong>rgpd@euskoauto.es<\/strong><\/p><p>Si considera que hay un problema con la forma en que <strong>TALLERES TXEPETXA S.L. <\/strong>est\u00e1 tratando sus datos, puede dirigir sus reclamaciones a la autoridad de protecci\u00f3n de datos que corresponda, siendo la Agencia Espa\u00f1ola de Protecci\u00f3n de Datos la indicada en el caso de territorio espa\u00f1ol.<\/p><p>Cualquier modificaci\u00f3n por su parte en los datos de car\u00e1cter personal, deber\u00e1 ser puesta en conocimiento por parte del titular de los mismos al responsable de tratamiento de datos.<\/p><p><strong>TALLERES TXEPETXA S.L. <\/strong>se reserva el derecho de modificar su pol\u00edtica de privacidad o condiciones de uso por motivos de adaptaci\u00f3n a la legislaci\u00f3n vigente. Se recomienda al usuario de este sitio web la revisi\u00f3n peri\u00f3dica de esta p\u00e1gina, ya que el uso de este sitio web por parte del usuario se entender\u00e1 como aceptaci\u00f3n de la pol\u00edtica de privacidad. Aseguramos la absoluta confidencialidad y privacidad de los datos personales recogidos. Se han adoptado las medidas de seguridad con el fin de evitar la alteraci\u00f3n, p\u00e9rdida, tratamiento o acceso no autorizado. Sin embargo, <strong>TALLERES TXEPETXA S.L. <\/strong>no ser\u00e1 responsable de las incidencias que puedan surgir en torno a datos personales cuando estas se deriven, o bien de un ataque o acceso no autorizado a los sistemas de tal forma que resulte imposible detectarlo o impedirlo aun adopt\u00e1ndose las medidas seg\u00fan el estado de la tecnolog\u00eda actual.<\/p>\t\t\t\t\t\t\t\t<\/div>\n\t\t\t\t<\/div>\n\t\t\t\t<\/div>\n\t\t\t\t\t<\/div>\n\t\t\t\t<\/div>\n\t\t\t\t<\/div>\n\t\t","protected":false},"excerpt":{"rendered":"<p>Aviso legal RESPONSABLE: TALLERES TXEPETXA S.L.CIF: B75232645DIRECCI\u00d3N: AVDA. LETXUMBORRO 92, 20305 IR\u00daN, GIPUZKOATELEFONO: 943631399EMAIL: info@txepetxa.com OBJETO TALLERES TXEPETXA S.L. responsable del sitio web, pone a disposici\u00f3n de los usuarios el presente documento con el que pretende dar cumplimiento a las obligaciones dispuestas en la Ley 34\/2002, de Servicios de la Sociedad de la Informaci\u00f3n y [&hellip;]<\/p>\n","protected":false},"author":1,"featured_media":0,"parent":0,"menu_order":0,"comment_status":"closed","ping_status":"closed","template":"elementor_header_footer","meta":{"footnotes":""},"class_list":["post-497","page","type-page","status-publish","hentry"],"_links":{"self":[{"href":"https:\/\/www.txepetxa.com\/particulares\/wp-json\/wp\/v2\/pages\/497","targetHints":{"allow":["GET"]}}],"collection":[{"href":"https:\/\/www.txepetxa.com\/particulares\/wp-json\/wp\/v2\/pages"}],"about":[{"href":"https:\/\/www.txepetxa.com\/particulares\/wp-json\/wp\/v2\/types\/page"}],"author":[{"embeddable":true,"href":"https:\/\/www.txepetxa.com\/particulares\/wp-json\/wp\/v2\/users\/1"}],"replies":[{"embeddable":true,"href":"https:\/\/www.txepetxa.com\/particulares\/wp-json\/wp\/v2\/comments?post=497"}],"version-history":[{"count":7,"href":"https:\/\/www.txepetxa.com\/particulares\/wp-json\/wp\/v2\/pages\/497\/revisions"}],"predecessor-version":[{"id":609,"href":"https:\/\/www.txepetxa.com\/particulares\/wp-json\/wp\/v2\/pages\/497\/revisions\/609"}],"wp:attachment":[{"href":"https:\/\/www.txepetxa.com\/particulares\/wp-json\/wp\/v2\/media?parent=497"}],"curies":[{"name":"wp","href":"https:\/\/api.w.org\/{rel}","templated":true}]}}