{"id":581,"date":"2024-05-29T09:46:03","date_gmt":"2024-05-29T07:46:03","guid":{"rendered":"https:\/\/www.txepetxa.net\/?page_id=581"},"modified":"2024-11-15T09:12:29","modified_gmt":"2024-11-15T08:12:29","slug":"especialista-en-neumaticos","status":"publish","type":"page","link":"https:\/\/www.txepetxa.com\/particulares\/servicios\/especialista-en-neumaticos\/","title":{"rendered":"Especialista en Neum\u00e1ticos"},"content":{"rendered":"\t\t<div data-elementor-type=\"wp-page\" data-elementor-id=\"581\" class=\"elementor elementor-581\" data-elementor-post-type=\"page\">\n\t\t\t\t<div class=\"elementor-element elementor-element-fc60f62 e-flex e-con-boxed e-con e-parent\" data-id=\"fc60f62\" data-element_type=\"container\" data-settings=\"{&quot;background_background&quot;:&quot;classic&quot;}\">\n\t\t\t\t\t<div class=\"e-con-inner\">\n\t\t<div class=\"elementor-element elementor-element-312ebd7 e-con-full e-flex e-con e-child\" data-id=\"312ebd7\" data-element_type=\"container\">\n\t\t\t\t<div class=\"elementor-element elementor-element-b0af12f elementor-widget__width-initial elementor-widget elementor-widget-heading\" data-id=\"b0af12f\" data-element_type=\"widget\" data-widget_type=\"heading.default\">\n\t\t\t\t<div class=\"elementor-widget-container\">\n\t\t\t\t\t<h2 class=\"elementor-heading-title elementor-size-default\">Especialistas en Neum\u00e1ticos<\/h2>\t\t\t\t<\/div>\n\t\t\t\t<\/div>\n\t\t\t\t<\/div>\n\t\t\t\t\t<\/div>\n\t\t\t\t<\/div>\n\t\t<div class=\"elementor-element elementor-element-375776d2 e-flex e-con-boxed e-con e-parent\" data-id=\"375776d2\" data-element_type=\"container\">\n\t\t\t\t\t<div class=\"e-con-inner\">\n\t\t<div class=\"elementor-element elementor-element-2ca906a9 e-con-full animated-slow e-flex elementor-invisible e-con e-child\" data-id=\"2ca906a9\" data-element_type=\"container\" data-settings=\"{&quot;animation&quot;:&quot;fadeInLeft&quot;}\">\n\t\t\t\t<div class=\"elementor-element elementor-element-b0f3460 elementor-widget elementor-widget-image\" data-id=\"b0f3460\" data-element_type=\"widget\" data-widget_type=\"image.default\">\n\t\t\t\t<div class=\"elementor-widget-container\">\n\t\t\t\t\t\t\t\t\t\t\t\t\t\t\t<img fetchpriority=\"high\" decoding=\"async\" width=\"600\" height=\"800\" src=\"https:\/\/www.txepetxa.com\/particulares\/wp-content\/uploads\/2024\/11\/neumaticos.png\" class=\"attachment-large size-large wp-image-835\" alt=\"\" srcset=\"https:\/\/www.txepetxa.com\/particulares\/wp-content\/uploads\/2024\/11\/neumaticos.png 600w, https:\/\/www.txepetxa.com\/particulares\/wp-content\/uploads\/2024\/11\/neumaticos-225x300.png 225w\" sizes=\"(max-width: 600px) 100vw, 600px\" \/>\t\t\t\t\t\t\t\t\t\t\t\t\t\t\t<\/div>\n\t\t\t\t<\/div>\n\t\t\t\t<\/div>\n\t\t<div class=\"elementor-element elementor-element-edfef25 e-con-full e-flex e-con e-child\" data-id=\"edfef25\" data-element_type=\"container\">\n\t\t\t\t<div class=\"elementor-element elementor-element-3f994b22 animated-slow elementor-invisible elementor-widget elementor-widget-elementskit-heading\" data-id=\"3f994b22\" data-element_type=\"widget\" data-settings=\"{&quot;_animation&quot;:&quot;fadeInUp&quot;}\" data-widget_type=\"elementskit-heading.default\">\n\t\t\t\t<div class=\"elementor-widget-container\">\n\t\t\t\t\t<div class=\"ekit-wid-con\" ><div class=\"ekit-heading elementskit-section-title-wraper text_left   ekit_heading_tablet-   ekit_heading_mobile-\"><h2 class=\"ekit-heading--title elementskit-section-title text_fill\">Neumaticos y servicios de montaje<\/h2><\/div><\/div>\t\t\t\t<\/div>\n\t\t\t\t<\/div>\n\t\t\t\t<div class=\"elementor-element elementor-element-bd4c716 elementor-widget elementor-widget-text-editor\" data-id=\"bd4c716\" data-element_type=\"widget\" data-widget_type=\"text-editor.default\">\n\t\t\t\t<div class=\"elementor-widget-container\">\n\t\t\t\t\t\t\t\t\t<p>En Talleres Txepetxa, ofrecemos una amplia gama de neum\u00e1ticos para turismo, 4\u00d74, furgonetas y motocicletas. Vis\u00edtanos y disfruta de nuestro servicio profesional y garant\u00eda de calidad.<\/p>\t\t\t\t\t\t\t\t<\/div>\n\t\t\t\t<\/div>\n\t\t<div class=\"elementor-element elementor-element-1c6fb189 e-con-full e-flex e-con e-child\" data-id=\"1c6fb189\" data-element_type=\"container\">\n\t\t\t\t<div class=\"elementor-element elementor-element-3fb23444 elementor-widget__width-initial elementor-widget-divider--separator-type-pattern elementor-widget-divider--view-line elementor-widget elementor-widget-divider\" data-id=\"3fb23444\" data-element_type=\"widget\" data-widget_type=\"divider.default\">\n\t\t\t\t<div class=\"elementor-widget-container\">\n\t\t\t\t\t\t\t<div class=\"elementor-divider\" style=\"--divider-pattern-url: url(&quot;data:image\/svg+xml,%3Csvg xmlns=&#039;http:\/\/www.w3.org\/2000\/svg&#039; preserveAspectRatio=&#039;none&#039; overflow=&#039;visible&#039; height=&#039;100%&#039; viewBox=&#039;0 0 24 24&#039; fill=&#039;black&#039; stroke=&#039;none&#039;%3E%3Cpolygon points=&#039;9.4,2 24,2 14.6,21.6 0,21.6&#039;\/%3E%3C\/svg%3E&quot;);\">\n\t\t\t<span class=\"elementor-divider-separator\">\n\t\t\t\t\t\t<\/span>\n\t\t<\/div>\n\t\t\t\t\t\t<\/div>\n\t\t\t\t<\/div>\n\t\t\t\t<div class=\"elementor-element elementor-element-312910c0 elementor-widget elementor-widget-heading\" data-id=\"312910c0\" data-element_type=\"widget\" data-widget_type=\"heading.default\">\n\t\t\t\t<div class=\"elementor-widget-container\">\n\t\t\t\t\t<div class=\"elementor-heading-title elementor-size-default\">Desmontaje y montaje de neum\u00e1ticos<\/div>\t\t\t\t<\/div>\n\t\t\t\t<\/div>\n\t\t\t\t<\/div>\n\t\t\t\t<div class=\"elementor-element elementor-element-4f7187a elementor-widget elementor-widget-text-editor\" data-id=\"4f7187a\" data-element_type=\"widget\" data-widget_type=\"text-editor.default\">\n\t\t\t\t<div class=\"elementor-widget-container\">\n\t\t\t\t\t\t\t\t\t<p>El montaje y desmontaje de neum\u00e1ticos son tareas que deben realizarse por profesionales capacitados. Antes de desmontar, es necesario retirar la v\u00e1lvula y desinflar el neum\u00e1tico completamente. Al montar neum\u00e1ticos nuevos, se deben reemplazar obligatoriamente los pesos de equilibrado, la v\u00e1lvula, su tap\u00f3n y la c\u00e1mara (si aplica).<\/p><p>Es importante respetar el sentido de rotaci\u00f3n y la marca \u00aboutside\u00bb en algunos neum\u00e1ticos. El neum\u00e1tico debe de ir a la presi\u00f3n indicada por el fabricante.<\/p>\t\t\t\t\t\t\t\t<\/div>\n\t\t\t\t<\/div>\n\t\t\t\t<\/div>\n\t\t\t\t\t<\/div>\n\t\t\t\t<\/div>\n\t\t<div class=\"elementor-element elementor-element-7486b52 e-flex e-con-boxed e-con e-parent\" data-id=\"7486b52\" data-element_type=\"container\" data-settings=\"{&quot;background_background&quot;:&quot;classic&quot;}\">\n\t\t\t\t\t<div class=\"e-con-inner\">\n\t\t<div class=\"elementor-element elementor-element-f667cec e-con-full e-flex e-con e-child\" data-id=\"f667cec\" data-element_type=\"container\">\n\t\t\t\t<div class=\"elementor-element elementor-element-4ac15e4 animated-slow elementor-invisible elementor-widget elementor-widget-elementskit-heading\" data-id=\"4ac15e4\" data-element_type=\"widget\" data-settings=\"{&quot;_animation&quot;:&quot;fadeInUp&quot;}\" data-widget_type=\"elementskit-heading.default\">\n\t\t\t\t<div class=\"elementor-widget-container\">\n\t\t\t\t\t<div class=\"ekit-wid-con\" ><div class=\"ekit-heading elementskit-section-title-wraper text_left   ekit_heading_tablet-   ekit_heading_mobile-\"><h3 class=\"ekit-heading--title elementskit-section-title text_fill\">MANTENIMIENTO DE LOS <span><span>NEUM\u00c1TICOS<\/span><\/span><\/h3><\/div><\/div>\t\t\t\t<\/div>\n\t\t\t\t<\/div>\n\t\t\t\t<div class=\"elementor-element elementor-element-0e20553 elementor-widget elementor-widget-text-editor\" data-id=\"0e20553\" data-element_type=\"widget\" data-widget_type=\"text-editor.default\">\n\t\t\t\t<div class=\"elementor-widget-container\">\n\t\t\t\t\t\t\t\t\t<p>Es crucial verificar y mantener regularmente los neum\u00e1ticos para garantizar un rendimiento \u00f3ptimo y seguridad en la carretera. Elementos como la rotaci\u00f3n, equilibrado y el desgaste de la banda de rodadura son fundamentales para su mantenimiento adecuado.<\/p>\t\t\t\t\t\t\t\t<\/div>\n\t\t\t\t<\/div>\n\t\t<div class=\"elementor-element elementor-element-6c17249 e-con-full e-flex e-con e-child\" data-id=\"6c17249\" data-element_type=\"container\">\n\t\t\t\t<div class=\"elementor-element elementor-element-48e61d5 elementor-widget-mobile__width-inherit elementor-widget__width-initial elementor-widget elementor-widget-icon-box\" data-id=\"48e61d5\" data-element_type=\"widget\" data-widget_type=\"icon-box.default\">\n\t\t\t\t<div class=\"elementor-widget-container\">\n\t\t\t\t\t\t\t<div class=\"elementor-icon-box-wrapper\">\n\n\t\t\t\n\t\t\t\t\t\t<div class=\"elementor-icon-box-content\">\n\n\t\t\t\t\t\t\t\t\t<h4 class=\"elementor-icon-box-title\">\n\t\t\t\t\t\t<span  >\n\t\t\t\t\t\t\tAlineaci\u00f3n\t\t\t\t\t\t<\/span>\n\t\t\t\t\t<\/h4>\n\t\t\t\t\n\t\t\t\t\t\t\t\t\t<p class=\"elementor-icon-box-description\">\n\t\t\t\t\t\tUna revisi\u00f3n de la alineaci\u00f3n puede ser necesaria, especialmente despu\u00e9s de impactos contra bordillos u otros obst\u00e1culos. Un ajuste correcto de la alineaci\u00f3n prolonga la vida \u00fatil de los neum\u00e1ticos, mejora la adherencia en carretera y contribuye al ahorro de combustible.\n<br><br>\nEs importante ajustar la geometr\u00eda si se observan signos como desgaste anormal de los bordes de los neum\u00e1ticos, desviaciones al acelerar o frenar, dureza en la direcci\u00f3n o un volante mal centrado.\n\n\n\n\n\n\n\n\n\n\t\t\t\t\t<\/p>\n\t\t\t\t\n\t\t\t<\/div>\n\t\t\t\n\t\t<\/div>\n\t\t\t\t\t\t<\/div>\n\t\t\t\t<\/div>\n\t\t\t\t<div class=\"elementor-element elementor-element-88c7690 elementor-widget__width-initial elementor-widget-mobile__width-inherit elementor-widget elementor-widget-icon-box\" data-id=\"88c7690\" data-element_type=\"widget\" data-widget_type=\"icon-box.default\">\n\t\t\t\t<div class=\"elementor-widget-container\">\n\t\t\t\t\t\t\t<div class=\"elementor-icon-box-wrapper\">\n\n\t\t\t\n\t\t\t\t\t\t<div class=\"elementor-icon-box-content\">\n\n\t\t\t\t\t\t\t\t\t<h4 class=\"elementor-icon-box-title\">\n\t\t\t\t\t\t<span  >\n\t\t\t\t\t\t\tEquilibrado:\t\t\t\t\t\t<\/span>\n\t\t\t\t\t<\/h4>\n\t\t\t\t\n\t\t\t\t\t\t\t\t\t<p class=\"elementor-icon-box-description\">\n\t\t\t\t\t\tEl equilibrado es esencial cada vez que se reemplaza un neum\u00e1tico en la llanta para eliminar las vibraciones. Esto se aplica tanto a los neum\u00e1ticos delanteros como traseros del veh\u00edculo.\t\t\t\t\t<\/p>\n\t\t\t\t\n\t\t\t<\/div>\n\t\t\t\n\t\t<\/div>\n\t\t\t\t\t\t<\/div>\n\t\t\t\t<\/div>\n\t\t\t\t<\/div>\n\t\t\t\t<\/div>\n\t\t\t\t\t<\/div>\n\t\t\t\t<\/div>\n\t\t<div class=\"elementor-element elementor-element-9e4cb36 e-flex e-con-boxed e-con e-parent\" data-id=\"9e4cb36\" data-element_type=\"container\" data-settings=\"{&quot;background_background&quot;:&quot;classic&quot;}\">\n\t\t\t\t\t<div class=\"e-con-inner\">\n\t\t\t\t<div class=\"elementor-element elementor-element-b24b336 elementor-widget elementor-widget-elementskit-heading\" data-id=\"b24b336\" data-element_type=\"widget\" data-widget_type=\"elementskit-heading.default\">\n\t\t\t\t<div class=\"elementor-widget-container\">\n\t\t\t\t\t<div class=\"ekit-wid-con\" ><div class=\"ekit-heading elementskit-section-title-wraper text_center   ekit_heading_tablet-   ekit_heading_mobile-\"><h3 class=\"ekit-heading--title elementskit-section-title text_fill\">D\u00e9janos Ayudarte<\/h3><\/div><\/div>\t\t\t\t<\/div>\n\t\t\t\t<\/div>\n\t\t\t\t<div class=\"elementor-element elementor-element-1823c06 elementor-hidden-tablet elementor-hidden-mobile elementor-widget elementor-widget-heading\" data-id=\"1823c06\" data-element_type=\"widget\" data-widget_type=\"heading.default\">\n\t\t\t\t<div class=\"elementor-widget-container\">\n\t\t\t\t\t<h4 class=\"elementor-heading-title elementor-size-default\">Contactanos para cualquier consulta<\/h4>\t\t\t\t<\/div>\n\t\t\t\t<\/div>\n\t\t\t\t<div class=\"elementor-element elementor-element-595b97e elementor-widget elementor-widget-button\" data-id=\"595b97e\" data-element_type=\"widget\" data-widget_type=\"button.default\">\n\t\t\t\t<div class=\"elementor-widget-container\">\n\t\t\t\t\t\t\t\t\t<div class=\"elementor-button-wrapper\">\n\t\t\t\t\t<a class=\"elementor-button elementor-button-link elementor-size-sm elementor-animation-skew\" href=\"https:\/\/www.txepetxa.com\/particulares\/contacto\/\">\n\t\t\t\t\t\t<span class=\"elementor-button-content-wrapper\">\n\t\t\t\t\t\t\t\t\t<span class=\"elementor-button-text\">Escr\u00edbenos <\/span>\n\t\t\t\t\t<\/span>\n\t\t\t\t\t<\/a>\n\t\t\t\t<\/div>\n\t\t\t\t\t\t\t\t<\/div>\n\t\t\t\t<\/div>\n\t\t\t\t\t<\/div>\n\t\t\t\t<\/div>\n\t\t\t\t<\/div>\n\t\t","protected":false},"excerpt":{"rendered":"<p>Especialistas en Neum\u00e1ticos Neumaticos y servicios de montaje En Talleres Txepetxa, ofrecemos una amplia gama de neum\u00e1ticos para turismo, 4\u00d74, furgonetas y motocicletas. Vis\u00edtanos y disfruta de nuestro servicio profesional y garant\u00eda de calidad. Desmontaje y montaje de neum\u00e1ticos El montaje y desmontaje de neum\u00e1ticos son tareas que deben realizarse por profesionales capacitados. Antes de [&hellip;]<\/p>\n","protected":false},"author":1,"featured_media":0,"parent":169,"menu_order":0,"comment_status":"closed","ping_status":"closed","template":"elementor_header_footer","meta":{"footnotes":""},"class_list":["post-581","page","type-page","status-publish","hentry"],"_links":{"self":[{"href":"https:\/\/www.txepetxa.com\/particulares\/wp-json\/wp\/v2\/pages\/581","targetHints":{"allow":["GET"]}}],"collection":[{"href":"https:\/\/www.txepetxa.com\/particulares\/wp-json\/wp\/v2\/pages"}],"about":[{"href":"https:\/\/www.txepetxa.com\/particulares\/wp-json\/wp\/v2\/types\/page"}],"author":[{"embeddable":true,"href":"https:\/\/www.txepetxa.com\/particulares\/wp-json\/wp\/v2\/users\/1"}],"replies":[{"embeddable":true,"href":"https:\/\/www.txepetxa.com\/particulares\/wp-json\/wp\/v2\/comments?post=581"}],"version-history":[{"count":19,"href":"https:\/\/www.txepetxa.com\/particulares\/wp-json\/wp\/v2\/pages\/581\/revisions"}],"predecessor-version":[{"id":847,"href":"https:\/\/www.txepetxa.com\/particulares\/wp-json\/wp\/v2\/pages\/581\/revisions\/847"}],"up":[{"embeddable":true,"href":"https:\/\/www.txepetxa.com\/particulares\/wp-json\/wp\/v2\/pages\/169"}],"wp:attachment":[{"href":"https:\/\/www.txepetxa.com\/particulares\/wp-json\/wp\/v2\/media?parent=581"}],"curies":[{"name":"wp","href":"https:\/\/api.w.org\/{rel}","templated":true}]}}