{"id":602,"date":"2024-06-10T10:00:51","date_gmt":"2024-06-10T08:00:51","guid":{"rendered":"https:\/\/www.txepetxa.net\/?page_id=602"},"modified":"2024-06-10T10:07:24","modified_gmt":"2024-06-10T08:07:24","slug":"politica-privacidad","status":"publish","type":"page","link":"https:\/\/www.txepetxa.com\/particulares\/politica-privacidad\/","title":{"rendered":"Pol\u00edtica de Privacidad"},"content":{"rendered":"\t\t<div data-elementor-type=\"wp-page\" data-elementor-id=\"602\" class=\"elementor elementor-602\" data-elementor-post-type=\"page\">\n\t\t\t\t<div class=\"elementor-element elementor-element-7c98964c e-flex e-con-boxed e-con e-parent\" data-id=\"7c98964c\" data-element_type=\"container\" data-settings=\"{&quot;background_background&quot;:&quot;classic&quot;}\">\n\t\t\t\t\t<div class=\"e-con-inner\">\n\t\t<div class=\"elementor-element elementor-element-517b0fac e-con-full e-flex e-con e-child\" data-id=\"517b0fac\" data-element_type=\"container\">\n\t\t\t\t<div class=\"elementor-element elementor-element-5dc2450a elementor-widget__width-initial elementor-widget elementor-widget-heading\" data-id=\"5dc2450a\" data-element_type=\"widget\" data-widget_type=\"heading.default\">\n\t\t\t\t<div class=\"elementor-widget-container\">\n\t\t\t\t\t<h2 class=\"elementor-heading-title elementor-size-default\">Pol\u00edtica de Privacidad<\/h2>\t\t\t\t<\/div>\n\t\t\t\t<\/div>\n\t\t\t\t<\/div>\n\t\t\t\t\t<\/div>\n\t\t\t\t<\/div>\n\t\t<div class=\"elementor-element elementor-element-405eba7 e-flex e-con-boxed e-con e-parent\" data-id=\"405eba7\" data-element_type=\"container\">\n\t\t\t\t\t<div class=\"e-con-inner\">\n\t\t<div class=\"elementor-element elementor-element-067125c e-con-full e-flex e-con e-child\" data-id=\"067125c\" data-element_type=\"container\">\n\t\t<div class=\"elementor-element elementor-element-f3e00b6 e-con-full e-flex e-con e-child\" data-id=\"f3e00b6\" data-element_type=\"container\">\n\t\t\t\t<div class=\"elementor-element elementor-element-de693c5 elementor-widget__width-initial elementor-widget-divider--separator-type-pattern elementor-widget-divider--view-line elementor-widget elementor-widget-divider\" data-id=\"de693c5\" data-element_type=\"widget\" data-widget_type=\"divider.default\">\n\t\t\t\t<div class=\"elementor-widget-container\">\n\t\t\t\t\t\t\t<div class=\"elementor-divider\" style=\"--divider-pattern-url: url(&quot;data:image\/svg+xml,%3Csvg xmlns=&#039;http:\/\/www.w3.org\/2000\/svg&#039; preserveAspectRatio=&#039;none&#039; overflow=&#039;visible&#039; height=&#039;100%&#039; viewBox=&#039;0 0 24 24&#039; fill=&#039;black&#039; stroke=&#039;none&#039;%3E%3Cpolygon points=&#039;9.4,2 24,2 14.6,21.6 0,21.6&#039;\/%3E%3C\/svg%3E&quot;);\">\n\t\t\t<span class=\"elementor-divider-separator\">\n\t\t\t\t\t\t<\/span>\n\t\t<\/div>\n\t\t\t\t\t\t<\/div>\n\t\t\t\t<\/div>\n\t\t\t\t<\/div>\n\t\t\t\t<div class=\"elementor-element elementor-element-30037e5 elementor-widget elementor-widget-text-editor\" data-id=\"30037e5\" data-element_type=\"widget\" data-widget_type=\"text-editor.default\">\n\t\t\t\t<div class=\"elementor-widget-container\">\n\t\t\t\t\t\t\t\t\t<h3>POLITICA DE PROTECCION DE DATOS<\/h3>\n\n<p>De acuerdo con lo establecido por el Reglamento (UE) 2016 \/679 del Parlamento Europeo y del Consejo, le informamos que los datos personales aportados ser\u00e1n tratados como Responsable de\u00a0 Tratamiento por <strong>TALLERES TXEPETXA S.L. <\/strong>con CIF: <strong>B75232645 <\/strong>; y domicilio <strong>AVDA. LETXUMBORRO 92, 20305 IR\u00daN, GIPUZKOA<\/strong>; Tel\u00e9fono: <strong>943631399 <\/strong>y correo electr\u00f3nico: <strong>info@txepetxa.com.<\/strong><\/p>\n\n<p><strong>El GRUPO TXEPETXA <\/strong>est\u00e1 formado por las siguientes empresas:\n<br>TALLERES TXEPETXA S.L.\n<br>NEUM\u00c1TICOS TXEPETXA S.L.\n<br>AUTOM\u00d3VILES TXEPETXA S.L.<\/p>\n\n<h3>FINALIDAD<\/h3>\n<p>Los datos que nos ha proporcionado en este formulario, ser\u00e1n utilizados para contestar a la solicitud de la informaci\u00f3n planteada.<\/p>\n\n<p>Los datos se conservar\u00e1n durante el plazo exigido por la ley, salvo que usted comunique la negativa al uso de los datos personales, en cuyo caso, se proceder\u00e1 a su bloqueo inmediato.<\/p>\n\n<p>En caso de que contrate alguno de nuestros productos o servicios, utilizaremos sus datos personales para la gesti\u00f3n y la facturaci\u00f3n de los mismos.<\/p>\n\n<p>Conservaremos sus datos de contacto para informarle peri\u00f3dicamente sobre los productos y servicios, propios o de terceros, que entendamos puedan resultar de su inter\u00e9s.<\/p>\n\n<p>Siempre podr\u00e1 ejercer los derechos de acceso, rectificaci\u00f3n, portabilidad, limitaci\u00f3n al tratamiento y supresi\u00f3n de los datos objeto de tratamiento<\/p>\n\n<h3>LEGITIMACI\u00d3N<\/h3>\n<p>La base legal para el tratamiento de sus datos personales es el consentimiento del interesado al cumplimentar y aceptar el formulario de recogida de datos con el fin proporcionar la informaci\u00f3n solicitada.<\/p>\n\n<h3>DESTINATARIOS<\/h3>\n<p>Los datos se ceder\u00e1n a las empresas que forman parte del GRUPO TXEPETXA y en los casos en que exista una obligaci\u00f3n legal o sea necesario para el cumplimiento de la finalidad del tratamiento.<\/p>\n\n<h3>DERECHOS<\/h3>\n<p>Los derechos que le asisten como persona interesada y de acuerdo con el RGPD son los siguientes:<\/p>\n<p><ul>\n \t<li>Derecho a solicitar el acceso a los datos personales relativos a su persona<\/li>\n \t<li>Derecho a solicitar su rectificaci\u00f3n o supresi\u00f3n<\/li>\n \t<li>Derecho a solicitar la limitaci\u00f3n de su tratamiento<\/li>\n \t<li>Derecho a oponerse al tratamiento<\/li>\n \t<li>Derecho a la portabilidad de los datos<\/li>\n<\/ul><\/p>\n<p>Puede ejercer sus derechos de protecci\u00f3n de datos personales dirigiendo una comunicaci\u00f3n por escrito a <strong>TALLERES TXEPETXA S.L. <\/strong><strong>AVDA. LETXUMBORRO 92, 20305 IR\u00daN, GIPUZKOA<\/strong>, o a la direcci\u00f3n de correo electr\u00f3nico<strong> info@txepetxa.com<\/strong>, en la que manifieste el ejercicio de sus derechos anteriormente mencionados, adem\u00e1s de incluir copia de su D.N.I. u otro documento equivalente para certificar su identidad.<\/p>\n\n<p>En caso de que desee contactar con el delegado de protecci\u00f3n de datos, envi\u00e9 un mail a <strong>info@txepetxa.com.<\/strong><\/p>\n\n<h3>MEDIDAS DE SEGURIDAD<\/h3>\n<p><strong>TALLERES TXEPETXA S.L. <\/strong>garantiza que ha implementado todas las medidas de seguridad que son necesarias para garantizar la seguridad de los datos personales de acuerdo con el nivel de la tecnolog\u00eda del momento.<\/p>\n\n<h3>ACTUALIZACI\u00d3N DE LA POLITICA DE PRIVACIDAD<\/h3>\n\n<p><strong>TALLERES TXEPETXA S.L. <\/strong>se reserva el derecho de modificar su pol\u00edtica de privacidad o condiciones de uso por motivos de adaptaci\u00f3n a la legislaci\u00f3n vigente. Se recomienda al usuario de este sitio web la revisi\u00f3n peri\u00f3dica de esta p\u00e1gina, ya que el uso de este sitio web por parte del usuario se entender\u00e1 como aceptaci\u00f3n de la pol\u00edtica de privacidad. Aseguramos la absoluta confidencialidad y privacidad de los datos personales recogidos. Se han adoptado las medidas de seguridad con el fin de evitar la alteraci\u00f3n, p\u00e9rdida, tratamiento o acceso no autorizado. Sin embargo, <strong>TALLERES TXEPETXA S.L. <\/strong>no ser\u00e1 responsable de las incidencias que puedan surgir en torno a datos personales cuando estas se deriven, o bien de un ataque o acceso no autorizado a los sistemas de tal forma que resulte imposible detectarlo o impedirlo a\u00fan adopt\u00e1ndose las medidas seg\u00fan el estado de la tecnolog\u00eda actual.<\/p>\t\t\t\t\t\t\t\t<\/div>\n\t\t\t\t<\/div>\n\t\t\t\t<\/div>\n\t\t\t\t\t<\/div>\n\t\t\t\t<\/div>\n\t\t\t\t<\/div>\n\t\t","protected":false},"excerpt":{"rendered":"<p>Pol\u00edtica de Privacidad POLITICA DE PROTECCION DE DATOS De acuerdo con lo establecido por el Reglamento (UE) 2016 \/679 del Parlamento Europeo y del Consejo, le informamos que los datos personales aportados ser\u00e1n tratados como Responsable de\u00a0 Tratamiento por TALLERES TXEPETXA S.L. con CIF: B75232645 ; y domicilio AVDA. LETXUMBORRO 92, 20305 IR\u00daN, GIPUZKOA; Tel\u00e9fono: [&hellip;]<\/p>\n","protected":false},"author":1,"featured_media":0,"parent":0,"menu_order":0,"comment_status":"closed","ping_status":"closed","template":"elementor_header_footer","meta":{"footnotes":""},"class_list":["post-602","page","type-page","status-publish","hentry"],"_links":{"self":[{"href":"https:\/\/www.txepetxa.com\/particulares\/wp-json\/wp\/v2\/pages\/602","targetHints":{"allow":["GET"]}}],"collection":[{"href":"https:\/\/www.txepetxa.com\/particulares\/wp-json\/wp\/v2\/pages"}],"about":[{"href":"https:\/\/www.txepetxa.com\/particulares\/wp-json\/wp\/v2\/types\/page"}],"author":[{"embeddable":true,"href":"https:\/\/www.txepetxa.com\/particulares\/wp-json\/wp\/v2\/users\/1"}],"replies":[{"embeddable":true,"href":"https:\/\/www.txepetxa.com\/particulares\/wp-json\/wp\/v2\/comments?post=602"}],"version-history":[{"count":4,"href":"https:\/\/www.txepetxa.com\/particulares\/wp-json\/wp\/v2\/pages\/602\/revisions"}],"predecessor-version":[{"id":606,"href":"https:\/\/www.txepetxa.com\/particulares\/wp-json\/wp\/v2\/pages\/602\/revisions\/606"}],"wp:attachment":[{"href":"https:\/\/www.txepetxa.com\/particulares\/wp-json\/wp\/v2\/media?parent=602"}],"curies":[{"name":"wp","href":"https:\/\/api.w.org\/{rel}","templated":true}]}}