{"id":784,"date":"2024-11-14T11:23:06","date_gmt":"2024-11-14T10:23:06","guid":{"rendered":"https:\/\/www.txepetxa.net\/?page_id=784"},"modified":"2024-11-15T09:13:03","modified_gmt":"2024-11-15T08:13:03","slug":"peugeot","status":"publish","type":"page","link":"https:\/\/www.txepetxa.com\/particulares\/servicios\/peugeot\/","title":{"rendered":"Peugeot"},"content":{"rendered":"\t\t<div data-elementor-type=\"wp-page\" data-elementor-id=\"784\" class=\"elementor elementor-784\" data-elementor-post-type=\"page\">\n\t\t\t\t<div class=\"elementor-element elementor-element-fc60f62 e-flex e-con-boxed e-con e-parent\" data-id=\"fc60f62\" data-element_type=\"container\" data-settings=\"{&quot;background_background&quot;:&quot;classic&quot;}\">\n\t\t\t\t\t<div class=\"e-con-inner\">\n\t\t<div class=\"elementor-element elementor-element-312ebd7 e-con-full e-flex e-con e-child\" data-id=\"312ebd7\" data-element_type=\"container\">\n\t\t\t\t<div class=\"elementor-element elementor-element-b0af12f elementor-widget__width-initial elementor-widget elementor-widget-heading\" data-id=\"b0af12f\" data-element_type=\"widget\" data-widget_type=\"heading.default\">\n\t\t\t\t<div class=\"elementor-widget-container\">\n\t\t\t\t\t<h2 class=\"elementor-heading-title elementor-size-default\">Peugeot<\/h2>\t\t\t\t<\/div>\n\t\t\t\t<\/div>\n\t\t\t\t<\/div>\n\t\t\t\t\t<\/div>\n\t\t\t\t<\/div>\n\t\t<div class=\"elementor-element elementor-element-375776d2 e-flex e-con-boxed e-con e-parent\" data-id=\"375776d2\" data-element_type=\"container\">\n\t\t\t\t\t<div class=\"e-con-inner\">\n\t\t<div class=\"elementor-element elementor-element-2ca906a9 e-con-full animated-slow e-flex elementor-invisible e-con e-child\" data-id=\"2ca906a9\" data-element_type=\"container\" data-settings=\"{&quot;animation&quot;:&quot;fadeInLeft&quot;}\">\n\t\t\t\t<div class=\"elementor-element elementor-element-b0f3460 elementor-widget elementor-widget-image\" data-id=\"b0f3460\" data-element_type=\"widget\" data-widget_type=\"image.default\">\n\t\t\t\t<div class=\"elementor-widget-container\">\n\t\t\t\t\t\t\t\t\t\t\t\t\t\t\t<img fetchpriority=\"high\" decoding=\"async\" width=\"800\" height=\"598\" src=\"https:\/\/www.txepetxa.com\/particulares\/wp-content\/uploads\/2024\/11\/txepetxa-venta-1024x766.png\" class=\"attachment-large size-large wp-image-720\" alt=\"\" srcset=\"https:\/\/www.txepetxa.com\/particulares\/wp-content\/uploads\/2024\/11\/txepetxa-venta-1024x766.png 1024w, https:\/\/www.txepetxa.com\/particulares\/wp-content\/uploads\/2024\/11\/txepetxa-venta-300x225.png 300w, https:\/\/www.txepetxa.com\/particulares\/wp-content\/uploads\/2024\/11\/txepetxa-venta-768x575.png 768w, https:\/\/www.txepetxa.com\/particulares\/wp-content\/uploads\/2024\/11\/txepetxa-venta-1536x1150.png 1536w, https:\/\/www.txepetxa.com\/particulares\/wp-content\/uploads\/2024\/11\/txepetxa-venta.png 1856w\" sizes=\"(max-width: 800px) 100vw, 800px\" \/>\t\t\t\t\t\t\t\t\t\t\t\t\t\t\t<\/div>\n\t\t\t\t<\/div>\n\t\t\t\t<\/div>\n\t\t<div class=\"elementor-element elementor-element-edfef25 e-con-full e-flex e-con e-child\" data-id=\"edfef25\" data-element_type=\"container\">\n\t\t\t\t<div class=\"elementor-element elementor-element-3f994b22 animated-slow elementor-invisible elementor-widget elementor-widget-elementskit-heading\" data-id=\"3f994b22\" data-element_type=\"widget\" data-settings=\"{&quot;_animation&quot;:&quot;fadeInUp&quot;}\" data-widget_type=\"elementskit-heading.default\">\n\t\t\t\t<div class=\"elementor-widget-container\">\n\t\t\t\t\t<div class=\"ekit-wid-con\" ><div class=\"ekit-heading elementskit-section-title-wraper text_left   ekit_heading_tablet-   ekit_heading_mobile-\"><h2 class=\"ekit-heading--title elementskit-section-title text_fill\">Servicios oficiales peugeot<\/h2><\/div><\/div>\t\t\t\t<\/div>\n\t\t\t\t<\/div>\n\t\t<div class=\"elementor-element elementor-element-1c6fb189 e-con-full e-flex e-con e-child\" data-id=\"1c6fb189\" data-element_type=\"container\">\n\t\t\t\t<div class=\"elementor-element elementor-element-3fb23444 elementor-widget__width-initial elementor-widget-divider--separator-type-pattern elementor-widget-divider--view-line elementor-widget elementor-widget-divider\" data-id=\"3fb23444\" data-element_type=\"widget\" data-widget_type=\"divider.default\">\n\t\t\t\t<div class=\"elementor-widget-container\">\n\t\t\t\t\t\t\t<div class=\"elementor-divider\" style=\"--divider-pattern-url: url(&quot;data:image\/svg+xml,%3Csvg xmlns=&#039;http:\/\/www.w3.org\/2000\/svg&#039; preserveAspectRatio=&#039;none&#039; overflow=&#039;visible&#039; height=&#039;100%&#039; viewBox=&#039;0 0 24 24&#039; fill=&#039;black&#039; stroke=&#039;none&#039;%3E%3Cpolygon points=&#039;9.4,2 24,2 14.6,21.6 0,21.6&#039;\/%3E%3C\/svg%3E&quot;);\">\n\t\t\t<span class=\"elementor-divider-separator\">\n\t\t\t\t\t\t<\/span>\n\t\t<\/div>\n\t\t\t\t\t\t<\/div>\n\t\t\t\t<\/div>\n\t\t\t\t<div class=\"elementor-element elementor-element-312910c0 elementor-widget elementor-widget-heading\" data-id=\"312910c0\" data-element_type=\"widget\" data-widget_type=\"heading.default\">\n\t\t\t\t<div class=\"elementor-widget-container\">\n\t\t\t\t\t<div class=\"elementor-heading-title elementor-size-default\">Ubicados en la bah\u00eda del bidasoa<\/div>\t\t\t\t<\/div>\n\t\t\t\t<\/div>\n\t\t\t\t<\/div>\n\t\t\t\t<div class=\"elementor-element elementor-element-bd4c716 elementor-widget elementor-widget-text-editor\" data-id=\"bd4c716\" data-element_type=\"widget\" data-widget_type=\"text-editor.default\">\n\t\t\t\t<div class=\"elementor-widget-container\">\n\t\t\t\t\t\t\t\t\t<p>En Talleres Txepetxa, somos parte de la red de servicios oficiales de Peugeot desde hace m\u00e1s de 20 a\u00f1os. Nuestra experiencia y formaci\u00f3n continua aseguran que tu veh\u00edculo Peugeot reciba los mejores cuidados.<\/p><p>Ubicados en la bah\u00eda del Bidasoa somos un taller de confianza para tu Peugeot gracias a nuestro personal altamente capacitado y el acceso a la \u00faltima tecnolog\u00eda de la marca.<\/p>\t\t\t\t\t\t\t\t<\/div>\n\t\t\t\t<\/div>\n\t\t\t\t<\/div>\n\t\t\t\t\t<\/div>\n\t\t\t\t<\/div>\n\t\t<div class=\"elementor-element elementor-element-7486b52 e-flex e-con-boxed e-con e-parent\" data-id=\"7486b52\" data-element_type=\"container\" data-settings=\"{&quot;background_background&quot;:&quot;classic&quot;}\">\n\t\t\t\t\t<div class=\"e-con-inner\">\n\t\t<div class=\"elementor-element elementor-element-f667cec e-con-full e-flex e-con e-child\" data-id=\"f667cec\" data-element_type=\"container\">\n\t\t\t\t<div class=\"elementor-element elementor-element-4ac15e4 animated-slow elementor-invisible elementor-widget elementor-widget-elementskit-heading\" data-id=\"4ac15e4\" data-element_type=\"widget\" data-settings=\"{&quot;_animation&quot;:&quot;fadeInUp&quot;}\" data-widget_type=\"elementskit-heading.default\">\n\t\t\t\t<div class=\"elementor-widget-container\">\n\t\t\t\t\t<div class=\"ekit-wid-con\" ><div class=\"ekit-heading elementskit-section-title-wraper text_left   ekit_heading_tablet-   ekit_heading_mobile-\"><h3 class=\"ekit-heading--title elementskit-section-title text_fill\">\u00bfQu\u00e9 te ofrecemos como taller oficial <span><span>PEUGEOT<\/span>?<\/span><\/h3><\/div><\/div>\t\t\t\t<\/div>\n\t\t\t\t<\/div>\n\t\t\t\t<div class=\"elementor-element elementor-element-48e61d5 elementor-widget-mobile__width-inherit elementor-widget__width-initial elementor-widget elementor-widget-icon-box\" data-id=\"48e61d5\" data-element_type=\"widget\" data-widget_type=\"icon-box.default\">\n\t\t\t\t<div class=\"elementor-widget-container\">\n\t\t\t\t\t\t\t<div class=\"elementor-icon-box-wrapper\">\n\n\t\t\t\n\t\t\t\t\t\t<div class=\"elementor-icon-box-content\">\n\n\t\t\t\t\t\t\t\t\t<h4 class=\"elementor-icon-box-title\">\n\t\t\t\t\t\t<span  >\n\t\t\t\t\t\t\tGesti\u00f3n de garant\u00edas y contratos de mantenimiento\t\t\t\t\t\t<\/span>\n\t\t\t\t\t<\/h4>\n\t\t\t\t\n\t\t\t\t\t\t\t\t\t<p class=\"elementor-icon-box-description\">\n\t\t\t\t\t\tNos encargamos de tramitar cualquier incidente en garant\u00eda y gestionar tus contratos de mantenimiento para que solo te preocupes de disfrutar de tu veh\u00edculo.\n\n\n\n\n\n\n\n\n\t\t\t\t\t<\/p>\n\t\t\t\t\n\t\t\t<\/div>\n\t\t\t\n\t\t<\/div>\n\t\t\t\t\t\t<\/div>\n\t\t\t\t<\/div>\n\t\t\t\t<div class=\"elementor-element elementor-element-3823902 elementor-widget-mobile__width-inherit elementor-widget__width-initial elementor-widget elementor-widget-icon-box\" data-id=\"3823902\" data-element_type=\"widget\" data-widget_type=\"icon-box.default\">\n\t\t\t\t<div class=\"elementor-widget-container\">\n\t\t\t\t\t\t\t<div class=\"elementor-icon-box-wrapper\">\n\n\t\t\t\n\t\t\t\t\t\t<div class=\"elementor-icon-box-content\">\n\n\t\t\t\t\t\t\t\t\t<h4 class=\"elementor-icon-box-title\">\n\t\t\t\t\t\t<span  >\n\t\t\t\t\t\t\tRecambios peugeot de calidad\t\t\t\t\t\t<\/span>\n\t\t\t\t\t<\/h4>\n\t\t\t\t\n\t\t\t\t\t\t\t\t\t<p class=\"elementor-icon-box-description\">\n\t\t\t\t\t\tDisponemos de piezas de recambio originales y la l\u00ednea Eurorepar.\n<br>\n<strong>RECAMBIO ORIGINAL: <\/strong>Piezas con altos est\u00e1ndares de calidad y 2 a\u00f1os de garant\u00eda.<br><strong>RECAMBIO EUROREPAR: <\/strong>Segunda l\u00ednea de piezas del fabricante, con excelente relaci\u00f3n calidad-precio\n\n\n\n\n\n\n\n\t\t\t\t\t<\/p>\n\t\t\t\t\n\t\t\t<\/div>\n\t\t\t\n\t\t<\/div>\n\t\t\t\t\t\t<\/div>\n\t\t\t\t<\/div>\n\t\t\t\t<div class=\"elementor-element elementor-element-1b5f6ab elementor-widget-mobile__width-inherit elementor-widget__width-initial elementor-widget elementor-widget-icon-box\" data-id=\"1b5f6ab\" data-element_type=\"widget\" data-widget_type=\"icon-box.default\">\n\t\t\t\t<div class=\"elementor-widget-container\">\n\t\t\t\t\t\t\t<div class=\"elementor-icon-box-wrapper\">\n\n\t\t\t\n\t\t\t\t\t\t<div class=\"elementor-icon-box-content\">\n\n\t\t\t\t\t\t\t\t\t<h4 class=\"elementor-icon-box-title\">\n\t\t\t\t\t\t<span  >\n\t\t\t\t\t\t\tVeh\u00edculos de sustituci\u00f3n\t\t\t\t\t\t<\/span>\n\t\t\t\t\t<\/h4>\n\t\t\t\t\n\t\t\t\t\t\t\t\t\t<p class=\"elementor-icon-box-description\">\n\t\t\t\t\t\tPara veh\u00edculos en garant\u00eda contractual, te ofrecemos un coche de sustituci\u00f3n sin costo. Si tu coche est\u00e1 fuera de garant\u00eda, consulta disponibilidad y precios reducidos.\n\n\n\n\n\n\n\t\t\t\t\t<\/p>\n\t\t\t\t\n\t\t\t<\/div>\n\t\t\t\n\t\t<\/div>\n\t\t\t\t\t\t<\/div>\n\t\t\t\t<\/div>\n\t\t\t\t<div class=\"elementor-element elementor-element-2cecd90 elementor-widget-mobile__width-inherit elementor-widget__width-initial elementor-widget elementor-widget-icon-box\" data-id=\"2cecd90\" data-element_type=\"widget\" data-widget_type=\"icon-box.default\">\n\t\t\t\t<div class=\"elementor-widget-container\">\n\t\t\t\t\t\t\t<div class=\"elementor-icon-box-wrapper\">\n\n\t\t\t\n\t\t\t\t\t\t<div class=\"elementor-icon-box-content\">\n\n\t\t\t\t\t\t\t\t\t<h4 class=\"elementor-icon-box-title\">\n\t\t\t\t\t\t<span  >\n\t\t\t\t\t\t\tSoporte T\u00e9cnico 24\/7\t\t\t\t\t\t<\/span>\n\t\t\t\t\t<\/h4>\n\t\t\t\t\n\t\t\t\t\t\t\t\t\t<p class=\"elementor-icon-box-description\">\n\t\t\t\t\t\tContamos con servicio t\u00e9cnico permanente de Peugeot, para que est\u00e9s cubierto en todo momento.\n\n\n\n\n\n\t\t\t\t\t<\/p>\n\t\t\t\t\n\t\t\t<\/div>\n\t\t\t\n\t\t<\/div>\n\t\t\t\t\t\t<\/div>\n\t\t\t\t<\/div>\n\t\t\t\t<\/div>\n\t\t\t\t\t<\/div>\n\t\t\t\t<\/div>\n\t\t<div class=\"elementor-element elementor-element-9e4cb36 e-flex e-con-boxed e-con e-parent\" data-id=\"9e4cb36\" data-element_type=\"container\" data-settings=\"{&quot;background_background&quot;:&quot;classic&quot;}\">\n\t\t\t\t\t<div class=\"e-con-inner\">\n\t\t\t\t<div class=\"elementor-element elementor-element-b24b336 elementor-widget elementor-widget-elementskit-heading\" data-id=\"b24b336\" data-element_type=\"widget\" data-widget_type=\"elementskit-heading.default\">\n\t\t\t\t<div class=\"elementor-widget-container\">\n\t\t\t\t\t<div class=\"ekit-wid-con\" ><div class=\"ekit-heading elementskit-section-title-wraper text_center   ekit_heading_tablet-   ekit_heading_mobile-\"><h3 class=\"ekit-heading--title elementskit-section-title text_fill\">Talleres Txepetxa - Servicio oficial peugeot<\/h3><\/div><\/div>\t\t\t\t<\/div>\n\t\t\t\t<\/div>\n\t\t\t\t<div class=\"elementor-element elementor-element-1823c06 elementor-hidden-tablet elementor-hidden-mobile elementor-widget elementor-widget-heading\" data-id=\"1823c06\" data-element_type=\"widget\" data-widget_type=\"heading.default\">\n\t\t\t\t<div class=\"elementor-widget-container\">\n\t\t\t\t\t<h4 class=\"elementor-heading-title elementor-size-default\">Para m\u00e1s informaci\u00f3n o para reservar tu cita, visita nuestro sitio oficial peugeot<\/h4>\t\t\t\t<\/div>\n\t\t\t\t<\/div>\n\t\t\t\t<div class=\"elementor-element elementor-element-595b97e elementor-widget elementor-widget-button\" data-id=\"595b97e\" data-element_type=\"widget\" data-widget_type=\"button.default\">\n\t\t\t\t<div class=\"elementor-widget-container\">\n\t\t\t\t\t\t\t\t\t<div class=\"elementor-button-wrapper\">\n\t\t\t\t\t<a class=\"elementor-button elementor-button-link elementor-size-sm elementor-animation-skew\" href=\"https:\/\/redcomercial.peugeot.es\/txepetxa\/\" target=\"_blank\">\n\t\t\t\t\t\t<span class=\"elementor-button-content-wrapper\">\n\t\t\t\t\t\t\t\t\t<span class=\"elementor-button-text\">Visitamos  <\/span>\n\t\t\t\t\t<\/span>\n\t\t\t\t\t<\/a>\n\t\t\t\t<\/div>\n\t\t\t\t\t\t\t\t<\/div>\n\t\t\t\t<\/div>\n\t\t\t\t\t<\/div>\n\t\t\t\t<\/div>\n\t\t\t\t<\/div>\n\t\t","protected":false},"excerpt":{"rendered":"<p>Peugeot Servicios oficiales peugeot Ubicados en la bah\u00eda del bidasoa En Talleres Txepetxa, somos parte de la red de servicios oficiales de Peugeot desde hace m\u00e1s de 20 a\u00f1os. Nuestra experiencia y formaci\u00f3n continua aseguran que tu veh\u00edculo Peugeot reciba los mejores cuidados. Ubicados en la bah\u00eda del Bidasoa somos un taller de confianza para [&hellip;]<\/p>\n","protected":false},"author":1,"featured_media":0,"parent":169,"menu_order":0,"comment_status":"closed","ping_status":"closed","template":"elementor_header_footer","meta":{"footnotes":""},"class_list":["post-784","page","type-page","status-publish","hentry"],"_links":{"self":[{"href":"https:\/\/www.txepetxa.com\/particulares\/wp-json\/wp\/v2\/pages\/784","targetHints":{"allow":["GET"]}}],"collection":[{"href":"https:\/\/www.txepetxa.com\/particulares\/wp-json\/wp\/v2\/pages"}],"about":[{"href":"https:\/\/www.txepetxa.com\/particulares\/wp-json\/wp\/v2\/types\/page"}],"author":[{"embeddable":true,"href":"https:\/\/www.txepetxa.com\/particulares\/wp-json\/wp\/v2\/users\/1"}],"replies":[{"embeddable":true,"href":"https:\/\/www.txepetxa.com\/particulares\/wp-json\/wp\/v2\/comments?post=784"}],"version-history":[{"count":16,"href":"https:\/\/www.txepetxa.com\/particulares\/wp-json\/wp\/v2\/pages\/784\/revisions"}],"predecessor-version":[{"id":853,"href":"https:\/\/www.txepetxa.com\/particulares\/wp-json\/wp\/v2\/pages\/784\/revisions\/853"}],"up":[{"embeddable":true,"href":"https:\/\/www.txepetxa.com\/particulares\/wp-json\/wp\/v2\/pages\/169"}],"wp:attachment":[{"href":"https:\/\/www.txepetxa.com\/particulares\/wp-json\/wp\/v2\/media?parent=784"}],"curies":[{"name":"wp","href":"https:\/\/api.w.org\/{rel}","templated":true}]}}