{"id":798,"date":"2024-11-14T11:47:48","date_gmt":"2024-11-14T10:47:48","guid":{"rendered":"https:\/\/www.txepetxa.net\/?page_id=798"},"modified":"2024-11-15T09:11:13","modified_gmt":"2024-11-15T08:11:13","slug":"taller-multimarca","status":"publish","type":"page","link":"https:\/\/www.txepetxa.com\/particulares\/servicios\/taller-multimarca\/","title":{"rendered":"Taller Multimarca"},"content":{"rendered":"\t\t<div data-elementor-type=\"wp-page\" data-elementor-id=\"798\" class=\"elementor elementor-798\" data-elementor-post-type=\"page\">\n\t\t\t\t<div class=\"elementor-element elementor-element-fc60f62 e-flex e-con-boxed e-con e-parent\" data-id=\"fc60f62\" data-element_type=\"container\" data-settings=\"{&quot;background_background&quot;:&quot;classic&quot;}\">\n\t\t\t\t\t<div class=\"e-con-inner\">\n\t\t<div class=\"elementor-element elementor-element-312ebd7 e-con-full e-flex e-con e-child\" data-id=\"312ebd7\" data-element_type=\"container\">\n\t\t\t\t<div class=\"elementor-element elementor-element-b0af12f elementor-widget__width-initial elementor-widget elementor-widget-heading\" data-id=\"b0af12f\" data-element_type=\"widget\" data-widget_type=\"heading.default\">\n\t\t\t\t<div class=\"elementor-widget-container\">\n\t\t\t\t\t<h2 class=\"elementor-heading-title elementor-size-default\">TALLER MULTIMARCA<\/h2>\t\t\t\t<\/div>\n\t\t\t\t<\/div>\n\t\t\t\t<\/div>\n\t\t\t\t\t<\/div>\n\t\t\t\t<\/div>\n\t\t<div class=\"elementor-element elementor-element-375776d2 e-flex e-con-boxed e-con e-parent\" data-id=\"375776d2\" data-element_type=\"container\">\n\t\t\t\t\t<div class=\"e-con-inner\">\n\t\t<div class=\"elementor-element elementor-element-2ca906a9 e-con-full animated-slow e-flex elementor-invisible e-con e-child\" data-id=\"2ca906a9\" data-element_type=\"container\" data-settings=\"{&quot;animation&quot;:&quot;fadeInLeft&quot;}\">\n\t\t\t\t<div class=\"elementor-element elementor-element-b0f3460 elementor-widget elementor-widget-image\" data-id=\"b0f3460\" data-element_type=\"widget\" data-widget_type=\"image.default\">\n\t\t\t\t<div class=\"elementor-widget-container\">\n\t\t\t\t\t\t\t\t\t\t\t\t\t\t\t<img fetchpriority=\"high\" decoding=\"async\" width=\"800\" height=\"450\" src=\"https:\/\/www.txepetxa.com\/particulares\/wp-content\/uploads\/2024\/04\/taller-2-1024x576.png\" class=\"attachment-large size-large wp-image-345\" alt=\"\" srcset=\"https:\/\/www.txepetxa.com\/particulares\/wp-content\/uploads\/2024\/04\/taller-2-1024x576.png 1024w, https:\/\/www.txepetxa.com\/particulares\/wp-content\/uploads\/2024\/04\/taller-2-300x169.png 300w, https:\/\/www.txepetxa.com\/particulares\/wp-content\/uploads\/2024\/04\/taller-2-768x432.png 768w, https:\/\/www.txepetxa.com\/particulares\/wp-content\/uploads\/2024\/04\/taller-2-1536x864.png 1536w, https:\/\/www.txepetxa.com\/particulares\/wp-content\/uploads\/2024\/04\/taller-2.png 1920w\" sizes=\"(max-width: 800px) 100vw, 800px\" \/>\t\t\t\t\t\t\t\t\t\t\t\t\t\t\t<\/div>\n\t\t\t\t<\/div>\n\t\t\t\t<\/div>\n\t\t<div class=\"elementor-element elementor-element-edfef25 e-con-full e-flex e-con e-child\" data-id=\"edfef25\" data-element_type=\"container\">\n\t\t<div class=\"elementor-element elementor-element-1c6fb189 e-con-full e-flex e-con e-child\" data-id=\"1c6fb189\" data-element_type=\"container\">\n\t\t\t\t<div class=\"elementor-element elementor-element-3fb23444 elementor-widget__width-initial elementor-widget-divider--separator-type-pattern elementor-widget-divider--view-line elementor-widget elementor-widget-divider\" data-id=\"3fb23444\" data-element_type=\"widget\" data-widget_type=\"divider.default\">\n\t\t\t\t<div class=\"elementor-widget-container\">\n\t\t\t\t\t\t\t<div class=\"elementor-divider\" style=\"--divider-pattern-url: url(&quot;data:image\/svg+xml,%3Csvg xmlns=&#039;http:\/\/www.w3.org\/2000\/svg&#039; preserveAspectRatio=&#039;none&#039; overflow=&#039;visible&#039; height=&#039;100%&#039; viewBox=&#039;0 0 24 24&#039; fill=&#039;black&#039; stroke=&#039;none&#039;%3E%3Cpolygon points=&#039;9.4,2 24,2 14.6,21.6 0,21.6&#039;\/%3E%3C\/svg%3E&quot;);\">\n\t\t\t<span class=\"elementor-divider-separator\">\n\t\t\t\t\t\t<\/span>\n\t\t<\/div>\n\t\t\t\t\t\t<\/div>\n\t\t\t\t<\/div>\n\t\t\t\t<div class=\"elementor-element elementor-element-312910c0 elementor-widget elementor-widget-heading\" data-id=\"312910c0\" data-element_type=\"widget\" data-widget_type=\"heading.default\">\n\t\t\t\t<div class=\"elementor-widget-container\">\n\t\t\t\t\t<div class=\"elementor-heading-title elementor-size-default\">TALLER MULTIMARCA<\/div>\t\t\t\t<\/div>\n\t\t\t\t<\/div>\n\t\t\t\t<\/div>\n\t\t\t\t<div class=\"elementor-element elementor-element-3f994b22 animated-slow elementor-invisible elementor-widget elementor-widget-elementskit-heading\" data-id=\"3f994b22\" data-element_type=\"widget\" data-settings=\"{&quot;_animation&quot;:&quot;fadeInUp&quot;}\" data-widget_type=\"elementskit-heading.default\">\n\t\t\t\t<div class=\"elementor-widget-container\">\n\t\t\t\t\t<div class=\"ekit-wid-con\" ><div class=\"ekit-heading elementskit-section-title-wraper text_left   ekit_heading_tablet-   ekit_heading_mobile-\"><h2 class=\"ekit-heading--title elementskit-section-title text_fill\">REPARACIONES Y MANTENIMIENTO MULTIMARCA<\/h2><\/div><\/div>\t\t\t\t<\/div>\n\t\t\t\t<\/div>\n\t\t\t\t<div class=\"elementor-element elementor-element-bd4c716 elementor-widget elementor-widget-text-editor\" data-id=\"bd4c716\" data-element_type=\"widget\" data-widget_type=\"text-editor.default\">\n\t\t\t\t<div class=\"elementor-widget-container\">\n\t\t\t\t\t\t\t\t\t<p>En Talleres Txepetxa, ofrecemos servicios completos de mantenimiento y reparaci\u00f3n para veh\u00edculos de todas las marcas. Nos aseguramos de utilizar piezas de alta calidad y t\u00e9cnicas avanzadas para que tu veh\u00edculo siempre est\u00e9 en las mejores condiciones.\u00a0<\/p>\t\t\t\t\t\t\t\t<\/div>\n\t\t\t\t<\/div>\n\t\t\t\t<\/div>\n\t\t\t\t\t<\/div>\n\t\t\t\t<\/div>\n\t\t<div class=\"elementor-element elementor-element-f72a758 e-flex e-con-boxed e-con e-parent\" data-id=\"f72a758\" data-element_type=\"container\">\n\t\t\t\t\t<div class=\"e-con-inner\">\n\t\t<div class=\"elementor-element elementor-element-b9bf9e6 e-con-full e-flex e-con e-child\" data-id=\"b9bf9e6\" data-element_type=\"container\">\n\t\t\t\t<div class=\"elementor-element elementor-element-418e06f elementor-widget elementor-widget-heading\" data-id=\"418e06f\" data-element_type=\"widget\" data-widget_type=\"heading.default\">\n\t\t\t\t<div class=\"elementor-widget-container\">\n\t\t\t\t\t<h3 class=\"elementor-heading-title elementor-size-default\">\u00bfQU\u00c9 INCLUYE NUESTRO SERVICIO?<\/h3>\t\t\t\t<\/div>\n\t\t\t\t<\/div>\n\t\t\t\t<div class=\"elementor-element elementor-element-fb7fc40 elementor-widget elementor-widget-text-editor\" data-id=\"fb7fc40\" data-element_type=\"widget\" data-widget_type=\"text-editor.default\">\n\t\t\t\t<div class=\"elementor-widget-container\">\n\t\t\t\t\t\t\t\t\t<p>Ofrecemos los siguientes servicios de mec\u00e1nica r\u00e1pida, al mejor precio y profesionalidad del mercado:<\/p>\t\t\t\t\t\t\t\t<\/div>\n\t\t\t\t<\/div>\n\t\t\t\t<\/div>\n\t\t<div class=\"elementor-element elementor-element-4f95737 e-con-full e-flex e-con e-child\" data-id=\"4f95737\" data-element_type=\"container\">\n\t\t\t\t<div class=\"elementor-element elementor-element-9a03eac elementor-widget__width-initial elementor-widget-mobile__width-inherit elementor-view-stacked elementor-shape-circle elementor-position-top elementor-mobile-position-top elementor-widget elementor-widget-icon-box\" data-id=\"9a03eac\" data-element_type=\"widget\" data-widget_type=\"icon-box.default\">\n\t\t\t\t<div class=\"elementor-widget-container\">\n\t\t\t\t\t\t\t<div class=\"elementor-icon-box-wrapper\">\n\n\t\t\t\t\t\t<div class=\"elementor-icon-box-icon\">\n\t\t\t\t<span  class=\"elementor-icon\">\n\t\t\t\t<svg xmlns=\"http:\/\/www.w3.org\/2000\/svg\" id=\"Capa_1\" data-name=\"Capa 1\" viewBox=\"0 0 255.36 383.31\"><defs><style>      .cls-1 {        fill: #fff;        stroke-width: 0px;      }    <\/style><\/defs><path class=\"cls-1\" d=\"M211.6,383.31c-4.18-1.52-8.58-2.6-12.49-4.63-18.33-9.48-25.51-32.4-15.99-50.73,1.12-2.15,1.19-3.68-.08-5.73-3.15-5.07-6.06-10.3-9.35-15.95-1.55,2.21-2.86,4.12-4.21,6-6.87,9.6-17.96,12.14-27.18,6.24-9.56-6.12-12.58-18.31-6.55-28.21,3.89-6.38,8.23-12.51,12.76-18.45,2.42-3.17,2.79-5.76.23-8.81-.77-.92-1.29-2.06-2.19-3.54-1.54,2.19-2.86,4.11-4.23,6-6.79,9.37-17.79,11.83-26.93,6.04-9.4-5.95-12.6-18.17-6.79-27.88,3.9-6.51,8.37-12.71,12.93-18.79,2.17-2.89,2.86-5.26.36-8.15-.87-1-1.42-2.28-2.43-3.94-1.5,2.1-2.76,3.88-4.04,5.64-6.94,9.54-17.94,11.96-27.23,6-9.31-5.98-12.35-18.23-6.45-27.96,4-6.6,8.55-12.88,13.14-19.1,1.83-2.48,2.12-4.41.24-6.85-1.13-1.46-1.92-3.19-3.07-5.14-4.48,2.58-9.01,4.88-13.21,7.67-12.77,8.47-27.92,2.78-31.85-13.66-.17-.71-.19-1.76-.65-2.04-5.3-3.21-6.86-9.06-9.72-13.9-8.12-13.73-15.93-27.65-23.84-41.5-3.37-5.9-2.59-8.69,3.36-12.19,4.41-2.59,8.82-5.16,13.22-7.76.18-.11.24-.42.35-.63C2.21,71.76-3.87,45.74,2.09,28.13,8.77,8.39,29.2-3.36,49.54.85c17.69,3.66,36.95,21.76,31.46,51.11,4.93-2.84,9.5-5.45,14.06-8.09,7.1-4.11,9.3-3.51,13.42,3.67,9.48,16.55,19.03,33.06,28.35,49.69,1.11,1.99.99,4.65,1.55,6.97.24.99.54,2.11,1.19,2.83,4.32,4.82,7.02,10.21,6.86,16.88-.02.88.95,2.21,1.8,2.62,13.67,6.59,17.27,20.09,8.58,32.64-3.69,5.33-7.3,10.73-11.2,15.9-1.82,2.41-2.3,4.38-.34,6.84,1.06,1.33,1.8,2.91,2.83,4.62,1.63-2.28,2.96-4.24,4.4-6.11,6.65-8.63,17.35-10.68,26.27-5.07,8.97,5.64,12.54,17.32,7.38,26.52-3.77,6.72-8.34,13.02-12.95,19.21-2.26,3.03-2.88,5.47-.34,8.45.87,1.02,1.46,2.27,2.37,3.72,1.5-2.09,2.75-3.93,4.1-5.7,6.59-8.68,17.37-10.86,26.21-5.33,9.2,5.75,12.8,17.44,7.49,26.76-4.06,7.13-9.03,13.74-13.79,20.45-1.36,1.92-1.42,3.29-.23,5.3,5.78,9.76,11.33,19.65,17.18,29.37.78,1.3,2.75,2.52,4.26,2.65,14.85,1.27,28.4,11.74,32.87,25.67,4.98,15.51.58,31.2-11.29,41.39-5.85,5.02-12.68,7.66-19.97,9.49h-10.48ZM98.88,56.43c-24.6,14.31-48.79,28.39-73.08,42.52,8.41,14.65,16.63,28.98,24.89,43.38,24.52-14.26,48.63-28.28,73.06-42.49-8.3-14.49-16.46-28.73-24.86-43.41ZM217.49,319.51c-14.01-.13-25.49,11.21-25.86,25.57-.35,13.5,11.2,25.22,25.06,25.43,14.08.22,25.92-11.53,26.03-25.81.1-13.72-11.25-25.05-25.22-25.19ZM118.12,253.86c.67,1.75.98,3.4,1.85,4.67,3.2,4.7,8.6,4.31,12.24-.88,13.73-19.61,27.4-39.25,41.09-58.88.57-.81,1.12-1.66,1.53-2.56,1.82-3.99.45-8.25-3.26-10.31-3.41-1.89-6.66-1-9.3,2.78-13.94,19.92-27.85,39.85-41.7,59.82-1.09,1.57-1.63,3.53-2.45,5.37ZM91.51,206c.17,4.79,1.98,7.3,5.4,8.46,3.31,1.12,5.87-.31,7.74-2.99,14.15-20.23,28.3-40.44,42.36-60.74,2.96-4.28,2.03-8.96-1.84-11.51-3.68-2.43-7.19-1.42-10.39,3.15-13.71,19.62-27.4,39.25-41.03,58.92-1.16,1.68-1.79,3.72-2.24,4.69ZM145.07,300.85c.66,1.81.93,3.34,1.71,4.54,3.02,4.65,8.81,4.38,12.29-.59,13.79-19.71,27.54-39.44,41.29-59.18.5-.71.99-1.45,1.36-2.23,1.87-3.95.61-8.26-3.01-10.41-3.41-2.02-6.85-1.06-9.58,2.84-13.85,19.82-27.69,39.65-41.45,59.52-1.16,1.67-1.78,3.72-2.61,5.51ZM41,69.74c15.94-.21,28.45-12.9,28.24-28.65-.2-15.67-13.11-28.52-28.36-28.25-15.56.28-28.12,12.94-27.98,28.19.15,16.31,12.49,28.91,28.1,28.71ZM133.67,124.04c-.17-8.05-6.21-11.57-11.85-8.31-11.21,6.48-22.37,13.05-33.56,19.57-8.28,4.83-16.62,9.57-24.86,14.47-4.31,2.56-5.05,6.15-2.47,10.48,2.44,4.09,5.79,5.01,10.15,2.49,19.4-11.23,38.79-22.46,58.07-33.88,2.12-1.25,3.52-3.73,4.51-4.82ZM204.05,308.79c-4.88-8.42-9.63-16.61-14.59-25.16-2.68,3.83-5.16,7.39-7.72,11.05,3.91,6.75,7.76,13.39,11.65,20.1,3.7-2.08,7.04-3.95,10.66-5.98ZM135.24,190.78c-7.94,7.82-8.53,11.71-2.72,17.84,8.17-9.98,8.35-11.16,2.72-17.84ZM162.48,237.46c-8.14,7.7-8.69,11-3,18.03,8.29-9.46,8.44-10.39,3-18.03ZM105.21,162.41c1.82-2.58,3.25-4.6,4.68-6.62-.19-.16-.38-.33-.57-.49-1.98,1.19-3.96,2.39-6.03,3.64.61,1.11,1.08,1.96,1.91,3.48Z\"><\/path><path class=\"cls-1\" d=\"M229.86,345.51c-.31,6.98-6.16,12.47-13.03,12.24-7.04-.23-12.75-6.38-12.39-13.31.38-7.19,6.19-12.41,13.45-12.12,6.93.28,12.27,6.18,11.96,13.18Z\"><\/path><path class=\"cls-1\" d=\"M40.77,61.56c-11.13-.05-20.08-9.15-20.01-20.35.06-11.05,9.23-20.19,20.27-20.2,11.22-.02,20.19,9.18,20.12,20.63-.07,11.18-9.07,19.98-20.38,19.93ZM40.73,48.71c4.13.13,7.46-2.96,7.61-7.07.16-4.26-3.13-7.86-7.25-7.92-3.85-.06-7.34,3.39-7.48,7.39-.14,4.04,3.07,7.47,7.11,7.6Z\"><\/path><\/svg>\t\t\t\t<\/span>\n\t\t\t<\/div>\n\t\t\t\n\t\t\t\t\t\t<div class=\"elementor-icon-box-content\">\n\n\t\t\t\t\t\t\t\t\t<h4 class=\"elementor-icon-box-title\">\n\t\t\t\t\t\t<span  >\n\t\t\t\t\t\t\tRecambios de alta calidad\t\t\t\t\t\t<\/span>\n\t\t\t\t\t<\/h4>\n\t\t\t\t\n\t\t\t\t\t\t\t\t\t<p class=\"elementor-icon-box-description\">\n\t\t\t\t\t\tEmpleamos piezas de recambio confiables y duraderas para asegurar acabados de reparaci\u00f3n \u00f3ptimos. \t\t\t\t\t<\/p>\n\t\t\t\t\n\t\t\t<\/div>\n\t\t\t\n\t\t<\/div>\n\t\t\t\t\t\t<\/div>\n\t\t\t\t<\/div>\n\t\t\t\t<div class=\"elementor-element elementor-element-0558a5a elementor-widget-mobile__width-inherit elementor-widget__width-initial elementor-view-stacked elementor-shape-circle elementor-position-top elementor-mobile-position-top elementor-widget elementor-widget-icon-box\" data-id=\"0558a5a\" data-element_type=\"widget\" data-widget_type=\"icon-box.default\">\n\t\t\t\t<div class=\"elementor-widget-container\">\n\t\t\t\t\t\t\t<div class=\"elementor-icon-box-wrapper\">\n\n\t\t\t\t\t\t<div class=\"elementor-icon-box-icon\">\n\t\t\t\t<span  class=\"elementor-icon\">\n\t\t\t\t<i aria-hidden=\"true\" class=\"icon icon-Computer\"><\/i>\t\t\t\t<\/span>\n\t\t\t<\/div>\n\t\t\t\n\t\t\t\t\t\t<div class=\"elementor-icon-box-content\">\n\n\t\t\t\t\t\t\t\t\t<h4 class=\"elementor-icon-box-title\">\n\t\t\t\t\t\t<span  >\n\t\t\t\t\t\t\tDiagn\u00f3stico de \u00faltima generaci\u00f3n\t\t\t\t\t\t<\/span>\n\t\t\t\t\t<\/h4>\n\t\t\t\t\n\t\t\t\t\t\t\t\t\t<p class=\"elementor-icon-box-description\">\n\t\t\t\t\t\tContamos con equipo de diagnosis multimarca avanzado y un soporte t\u00e9cnico especializado, capacitado para trabajar con cualquier fabricante.\n\n\n\n\n\n\t\t\t\t\t<\/p>\n\t\t\t\t\n\t\t\t<\/div>\n\t\t\t\n\t\t<\/div>\n\t\t\t\t\t\t<\/div>\n\t\t\t\t<\/div>\n\t\t\t\t<div class=\"elementor-element elementor-element-abd9e6c elementor-widget-mobile__width-inherit elementor-widget__width-initial elementor-view-stacked elementor-shape-circle elementor-position-top elementor-mobile-position-top elementor-widget elementor-widget-icon-box\" data-id=\"abd9e6c\" data-element_type=\"widget\" data-widget_type=\"icon-box.default\">\n\t\t\t\t<div class=\"elementor-widget-container\">\n\t\t\t\t\t\t\t<div class=\"elementor-icon-box-wrapper\">\n\n\t\t\t\t\t\t<div class=\"elementor-icon-box-icon\">\n\t\t\t\t<span  class=\"elementor-icon\">\n\t\t\t\t<i aria-hidden=\"true\" class=\"icon icon-car-2\"><\/i>\t\t\t\t<\/span>\n\t\t\t<\/div>\n\t\t\t\n\t\t\t\t\t\t<div class=\"elementor-icon-box-content\">\n\n\t\t\t\t\t\t\t\t\t<h4 class=\"elementor-icon-box-title\">\n\t\t\t\t\t\t<span  >\n\t\t\t\t\t\t\tMantenimiento seg\u00fan el fabricante\t\t\t\t\t\t<\/span>\n\t\t\t\t\t<\/h4>\n\t\t\t\t\n\t\t\t\t\t\t\t\t\t<p class=\"elementor-icon-box-description\">\n\t\t\t\t\t\tCumplimos con las recomendaciones espec\u00edficas de cada fabricante para el mantenimiento de tu veh\u00edculo, asegurando su rendimiento y longevidad.\t\t\t\t\t<\/p>\n\t\t\t\t\n\t\t\t<\/div>\n\t\t\t\n\t\t<\/div>\n\t\t\t\t\t\t<\/div>\n\t\t\t\t<\/div>\n\t\t\t\t<div class=\"elementor-element elementor-element-bd521ab elementor-widget-mobile__width-inherit elementor-widget__width-initial elementor-view-stacked elementor-shape-circle elementor-position-top elementor-mobile-position-top elementor-widget elementor-widget-icon-box\" data-id=\"bd521ab\" data-element_type=\"widget\" data-widget_type=\"icon-box.default\">\n\t\t\t\t<div class=\"elementor-widget-container\">\n\t\t\t\t\t\t\t<div class=\"elementor-icon-box-wrapper\">\n\n\t\t\t\t\t\t<div class=\"elementor-icon-box-icon\">\n\t\t\t\t<span  class=\"elementor-icon\">\n\t\t\t\t<i aria-hidden=\"true\" class=\"icon icon-oil-bottle\"><\/i>\t\t\t\t<\/span>\n\t\t\t<\/div>\n\t\t\t\n\t\t\t\t\t\t<div class=\"elementor-icon-box-content\">\n\n\t\t\t\t\t\t\t\t\t<h4 class=\"elementor-icon-box-title\">\n\t\t\t\t\t\t<span  >\n\t\t\t\t\t\t\tAceites espec\u00edficos para cada motor\t\t\t\t\t\t<\/span>\n\t\t\t\t\t<\/h4>\n\t\t\t\t\n\t\t\t\t\t\t\t\t\t<p class=\"elementor-icon-box-description\">\n\t\t\t\t\t\tUsamos aceites adecuados para cada tipo de motor y marca, adapt\u00e1ndonos a los requisitos del fabricante para un desempe\u00f1o \u00f3ptimo. \n\n\n\n\n\t\t\t\t\t<\/p>\n\t\t\t\t\n\t\t\t<\/div>\n\t\t\t\n\t\t<\/div>\n\t\t\t\t\t\t<\/div>\n\t\t\t\t<\/div>\n\t\t\t\t<div class=\"elementor-element elementor-element-0a8f737 elementor-widget-mobile__width-inherit elementor-widget__width-initial elementor-view-stacked elementor-shape-circle elementor-position-top elementor-mobile-position-top elementor-widget elementor-widget-icon-box\" data-id=\"0a8f737\" data-element_type=\"widget\" data-widget_type=\"icon-box.default\">\n\t\t\t\t<div class=\"elementor-widget-container\">\n\t\t\t\t\t\t\t<div class=\"elementor-icon-box-wrapper\">\n\n\t\t\t\t\t\t<div class=\"elementor-icon-box-icon\">\n\t\t\t\t<span  class=\"elementor-icon\">\n\t\t\t\t<i aria-hidden=\"true\" class=\"icon icon-car11\"><\/i>\t\t\t\t<\/span>\n\t\t\t<\/div>\n\t\t\t\n\t\t\t\t\t\t<div class=\"elementor-icon-box-content\">\n\n\t\t\t\t\t\t\t\t\t<h4 class=\"elementor-icon-box-title\">\n\t\t\t\t\t\t<span  >\n\t\t\t\t\t\t\tVeh\u00edculos de sustituci\u00f3n\t\t\t\t\t\t<\/span>\n\t\t\t\t\t<\/h4>\n\t\t\t\t\n\t\t\t\t\t\t\t\t\t<p class=\"elementor-icon-box-description\">\n\t\t\t\t\t\tConsulta la disponibilidad de nuestros veh\u00edculos de sustituci\u00f3n, disponibles a un precio especial mientras tu coche est\u00e1 en mantenimiento. \t\t\t\t\t<\/p>\n\t\t\t\t\n\t\t\t<\/div>\n\t\t\t\n\t\t<\/div>\n\t\t\t\t\t\t<\/div>\n\t\t\t\t<\/div>\n\t\t\t\t<\/div>\n\t\t\t\t\t<\/div>\n\t\t\t\t<\/div>\n\t\t<div class=\"elementor-element elementor-element-9e4cb36 e-flex e-con-boxed e-con e-parent\" data-id=\"9e4cb36\" data-element_type=\"container\" data-settings=\"{&quot;background_background&quot;:&quot;classic&quot;}\">\n\t\t\t\t\t<div class=\"e-con-inner\">\n\t\t\t\t<div class=\"elementor-element elementor-element-b24b336 elementor-widget elementor-widget-elementskit-heading\" data-id=\"b24b336\" data-element_type=\"widget\" data-widget_type=\"elementskit-heading.default\">\n\t\t\t\t<div class=\"elementor-widget-container\">\n\t\t\t\t\t<div class=\"ekit-wid-con\" ><div class=\"ekit-heading elementskit-section-title-wraper text_center   ekit_heading_tablet-   ekit_heading_mobile-\"><h3 class=\"ekit-heading--title elementskit-section-title text_fill\">D\u00e9janos Ayudarte<\/h3><\/div><\/div>\t\t\t\t<\/div>\n\t\t\t\t<\/div>\n\t\t\t\t<div class=\"elementor-element elementor-element-1823c06 elementor-hidden-tablet elementor-hidden-mobile elementor-widget elementor-widget-heading\" data-id=\"1823c06\" data-element_type=\"widget\" data-widget_type=\"heading.default\">\n\t\t\t\t<div class=\"elementor-widget-container\">\n\t\t\t\t\t<h4 class=\"elementor-heading-title elementor-size-default\">Contactanos para cualquier consulta<\/h4>\t\t\t\t<\/div>\n\t\t\t\t<\/div>\n\t\t\t\t<div class=\"elementor-element elementor-element-595b97e elementor-widget elementor-widget-button\" data-id=\"595b97e\" data-element_type=\"widget\" data-widget_type=\"button.default\">\n\t\t\t\t<div class=\"elementor-widget-container\">\n\t\t\t\t\t\t\t\t\t<div class=\"elementor-button-wrapper\">\n\t\t\t\t\t<a class=\"elementor-button elementor-button-link elementor-size-sm elementor-animation-skew\" href=\"https:\/\/www.txepetxa.com\/particulares\/contacto\/\">\n\t\t\t\t\t\t<span class=\"elementor-button-content-wrapper\">\n\t\t\t\t\t\t\t\t\t<span class=\"elementor-button-text\">Escr\u00edbenos <\/span>\n\t\t\t\t\t<\/span>\n\t\t\t\t\t<\/a>\n\t\t\t\t<\/div>\n\t\t\t\t\t\t\t\t<\/div>\n\t\t\t\t<\/div>\n\t\t\t\t\t<\/div>\n\t\t\t\t<\/div>\n\t\t\t\t<\/div>\n\t\t","protected":false},"excerpt":{"rendered":"<p>TALLER MULTIMARCA TALLER MULTIMARCA REPARACIONES Y MANTENIMIENTO MULTIMARCA En Talleres Txepetxa, ofrecemos servicios completos de mantenimiento y reparaci\u00f3n para veh\u00edculos de todas las marcas. Nos aseguramos de utilizar piezas de alta calidad y t\u00e9cnicas avanzadas para que tu veh\u00edculo siempre est\u00e9 en las mejores condiciones.\u00a0 \u00bfQU\u00c9 INCLUYE NUESTRO SERVICIO? Ofrecemos los siguientes servicios de mec\u00e1nica [&hellip;]<\/p>\n","protected":false},"author":1,"featured_media":0,"parent":169,"menu_order":0,"comment_status":"closed","ping_status":"closed","template":"elementor_header_footer","meta":{"footnotes":""},"class_list":["post-798","page","type-page","status-publish","hentry"],"_links":{"self":[{"href":"https:\/\/www.txepetxa.com\/particulares\/wp-json\/wp\/v2\/pages\/798","targetHints":{"allow":["GET"]}}],"collection":[{"href":"https:\/\/www.txepetxa.com\/particulares\/wp-json\/wp\/v2\/pages"}],"about":[{"href":"https:\/\/www.txepetxa.com\/particulares\/wp-json\/wp\/v2\/types\/page"}],"author":[{"embeddable":true,"href":"https:\/\/www.txepetxa.com\/particulares\/wp-json\/wp\/v2\/users\/1"}],"replies":[{"embeddable":true,"href":"https:\/\/www.txepetxa.com\/particulares\/wp-json\/wp\/v2\/comments?post=798"}],"version-history":[{"count":13,"href":"https:\/\/www.txepetxa.com\/particulares\/wp-json\/wp\/v2\/pages\/798\/revisions"}],"predecessor-version":[{"id":844,"href":"https:\/\/www.txepetxa.com\/particulares\/wp-json\/wp\/v2\/pages\/798\/revisions\/844"}],"up":[{"embeddable":true,"href":"https:\/\/www.txepetxa.com\/particulares\/wp-json\/wp\/v2\/pages\/169"}],"wp:attachment":[{"href":"https:\/\/www.txepetxa.com\/particulares\/wp-json\/wp\/v2\/media?parent=798"}],"curies":[{"name":"wp","href":"https:\/\/api.w.org\/{rel}","templated":true}]}}